{"id":2384,"date":"2023-02-03T15:11:55","date_gmt":"2023-02-03T14:11:55","guid":{"rendered":"https:\/\/migliorelegna-pellet.it?page_id=2384"},"modified":"2024-10-20T15:13:20","modified_gmt":"2024-10-20T13:13:20","slug":"aviso-legal","status":"publish","type":"page","link":"https:\/\/migliorelegna-pellet.it\/index.php\/aviso-legal\/","title":{"rendered":"AVISO LEGAL"},"content":{"rendered":"\t\t<div data-elementor-type=\"wp-page\" data-elementor-id=\"2384\" class=\"elementor elementor-2384\">\n\t\t\t\t\t\t<section class=\"elementor-section elementor-top-section elementor-element elementor-element-cynsf4y elementor-section-content-top elementor-section-boxed elementor-section-height-default elementor-section-height-default\" data-id=\"cynsf4y\" data-element_type=\"section\" data-e-type=\"section\" data-settings=\"{&quot;background_background&quot;:&quot;classic&quot;}\">\n\t\t\t\t\t\t\t<div class=\"elementor-background-overlay\"><\/div>\n\t\t\t\t\t\t\t<div class=\"elementor-container elementor-column-gap-no\">\n\t\t\t\t\t<div class=\"elementor-column elementor-col-100 elementor-top-column elementor-element elementor-element-36e7ccd\" data-id=\"36e7ccd\" data-element_type=\"column\" data-e-type=\"column\">\n\t\t\t<div class=\"elementor-widget-wrap elementor-element-populated\">\n\t\t\t\t\t\t<div class=\"elementor-element elementor-element-febb385 elementor-widget elementor-widget-heading\" data-id=\"febb385\" data-element_type=\"widget\" data-e-type=\"widget\" data-widget_type=\"heading.default\">\n\t\t\t\t<div class=\"elementor-widget-container\">\n\t\t\t\t\t<h2 class=\"elementor-heading-title elementor-size-default\">AVISO LEGAL<\/h2>\t\t\t\t<\/div>\n\t\t\t\t<\/div>\n\t\t\t\t<div class=\"elementor-element elementor-element-610fe6f elementor-widget elementor-widget-text-editor\" data-id=\"610fe6f\" data-element_type=\"widget\" data-e-type=\"widget\" data-widget_type=\"text-editor.default\">\n\t\t\t\t<div class=\"elementor-widget-container\">\n\t\t\t\t\t\t\t\t\t<p>Redattore del sito<\/p><p><strong>Migliore Legna &#038; pellet<\/strong><\/p><p><strong>I. Sede<\/strong>:<\/p><p><strong>Via per Incirano, 25, 20834 Nova Milanese MB, Italie <\/strong><\/p><p><strong>II<\/strong>. Per qualsiasi informazione o consiglio potete contattarci:<\/p><p>Online, via email: <strong>support@migliorelegna-pellet.it<\/strong><\/p><p><strong>III.<\/strong> Facciamo tutto il possibile per offrire il meglio ai propri utenti<\/p><p>possibile navigazione, nonch\u00e9 informazioni complete e pertinenti. Nel caso<\/p><p>Osservate contenuti inappropriati o illegali, vi invitiamo a informarci sui ns<\/p><p>Pagina <strong>\u201cContattaci\u201d.<\/strong><\/p><p><strong>IV.<\/strong> Migliore Legna &#038; pellet \u00e8 titolare e\/o dispone delle necessarie autorizzazioni alla diffusione<\/p><p>tutti i contenuti presenti sul Sito o resi disponibili attraverso il Sito e, in particolare, i testi,<\/p><p>disegni, grafica, immagini, foto, marchi e loghi. Questo contenuto \u00e8 protetto da<\/p><p>diritti di propriet\u00e0 intellettuale; Pertanto \u00e8 vietato copiare, modificare,<\/p><p>trascrivere, estrarre, riutilizzare e in generale riprodurre e diffondere tali contenuti<\/p><p>senza il nostro permesso.<\/p><p>Attiriamo la vostra attenzione sul fatto che la violazione dei diritti di propriet\u00e0 intellettuale \u00e8<\/p><p>costituente il reato di falso, punibile penalmente.<\/p><p><strong>Copyright<\/strong><\/p><p>Tutte le informazioni o i documenti contenuti nel Sito, cos\u00ec come tutti gli elementi creati per il Sito sono di propriet\u00e0 dell&#8217;editore del Sito, o sono soggetti ai diritti di utilizzo, riproduzione e rappresentazione concessi a beneficio di quest&#8217;ultimo. Tali informazioni, documenti o elementi sono soggetti alle leggi sul copyright non appena vengono resi disponibili al pubblico su questo sito.<\/p><p>Copie dei documenti contenuti in questo Sito possono essere effettuate solo a scopo informativo ed esclusivamente per uso strettamente privato. Nessuna licenza, n\u00e9 alcun diritto diverso dalla consultazione del Sito, \u00e8 concesso a nessuno in merito ai diritti di propriet\u00e0 intellettuale. La riproduzione dei documenti presenti sul Sito \u00e8 autorizzata al solo scopo di informazione per uso personale e privato: qualsiasi riproduzione e qualsiasi utilizzo di copie effettuate per altri scopi \u00e8 espressamente vietata e soggetta alla previa ed espressa autorizzazione del curatore del Sito. In ogni caso, la riproduzione autorizzata delle informazioni contenute in questo Sito dovr\u00e0 indicare la fonte e l&#8217;apposita menzione di propriet\u00e0.<\/p>\t\t\t\t\t\t\t\t<\/div>\n\t\t\t\t<\/div>\n\t\t\t\t\t<\/div>\n\t\t<\/div>\n\t\t\t\t\t<\/div>\n\t\t<\/section>\n\t\t\t\t<\/div>\n\t\t","protected":false},"excerpt":{"rendered":"<p>AVISO LEGAL Redattore del sito Migliore Legna &#038; pellet I. Sede: Via per Incirano, 25, 20834 Nova Milanese MB, Italie II. Per qualsiasi informazione o consiglio potete contattarci: Online, via email: support@migliorelegna-pellet.it III. Facciamo tutto il possibile per offrire il meglio ai propri utenti possibile navigazione, nonch\u00e9 informazioni complete e pertinenti. Nel caso Osservate contenuti [&hellip;]<\/p>\n","protected":false},"author":1,"featured_media":0,"parent":0,"menu_order":0,"comment_status":"closed","ping_status":"closed","template":"","meta":{"_uag_custom_page_level_css":"","site-sidebar-layout":"no-sidebar","site-content-layout":"page-builder","ast-site-content-layout":"full-width-container","site-content-style":"unboxed","site-sidebar-style":"unboxed","ast-global-header-display":"","ast-banner-title-visibility":"","ast-main-header-display":"","ast-hfb-above-header-display":"","ast-hfb-below-header-display":"","ast-hfb-mobile-header-display":"","site-post-title":"disabled","ast-breadcrumbs-content":"","ast-featured-img":"disabled","footer-sml-layout":"","ast-disable-related-posts":"","theme-transparent-header-meta":"","adv-header-id-meta":"","stick-header-meta":"","header-above-stick-meta":"","header-main-stick-meta":"","header-below-stick-meta":"","astra-migrate-meta-layouts":"set","ast-page-background-enabled":"default","ast-page-background-meta":{"desktop":{"background-color":"","background-image":"","background-repeat":"repeat","background-position":"center center","background-size":"auto","background-attachment":"scroll","background-type":"","background-media":"","overlay-type":"","overlay-color":"","overlay-opacity":"","overlay-gradient":""},"tablet":{"background-color":"","background-image":"","background-repeat":"repeat","background-position":"center center","background-size":"auto","background-attachment":"scroll","background-type":"","background-media":"","overlay-type":"","overlay-color":"","overlay-opacity":"","overlay-gradient":""},"mobile":{"background-color":"","background-image":"","background-repeat":"repeat","background-position":"center center","background-size":"auto","background-attachment":"scroll","background-type":"","background-media":"","overlay-type":"","overlay-color":"","overlay-opacity":"","overlay-gradient":""}},"ast-content-background-meta":{"desktop":{"background-color":"var(--ast-global-color-5)","background-image":"","background-repeat":"repeat","background-position":"center center","background-size":"auto","background-attachment":"scroll","background-type":"","background-media":"","overlay-type":"","overlay-color":"","overlay-opacity":"","overlay-gradient":""},"tablet":{"background-color":"var(--ast-global-color-5)","background-image":"","background-repeat":"repeat","background-position":"center center","background-size":"auto","background-attachment":"scroll","background-type":"","background-media":"","overlay-type":"","overlay-color":"","overlay-opacity":"","overlay-gradient":""},"mobile":{"background-color":"var(--ast-global-color-5)","background-image":"","background-repeat":"repeat","background-position":"center center","background-size":"auto","background-attachment":"scroll","background-type":"","background-media":"","overlay-type":"","overlay-color":"","overlay-opacity":"","overlay-gradient":""}},"footnotes":""},"class_list":["post-2384","page","type-page","status-publish","hentry"],"aioseo_notices":[],"_hostinger_reach_plugin_has_subscription_block":false,"_hostinger_reach_plugin_is_elementor":false,"uagb_featured_image_src":{"full":false,"thumbnail":false,"medium":false,"medium_large":false,"large":false,"1536x1536":false,"2048x2048":false,"mailpoet_newsletter_max":false,"woocommerce_thumbnail":false,"woocommerce_single":false,"woocommerce_gallery_thumbnail":false},"uagb_author_info":{"display_name":"Monica.sinergiaint","author_link":"https:\/\/migliorelegna-pellet.it\/index.php\/author\/emonincharlotte29\/"},"uagb_comment_info":0,"uagb_excerpt":"AVISO LEGAL Redattore del sito Migliore Legna &#038; pellet I. Sede: Via per Incirano, 25, 20834 Nova Milanese MB, Italie II. Per qualsiasi informazione o consiglio potete contattarci: Online, via email: support@migliorelegna-pellet.it III. Facciamo tutto il possibile per offrire il meglio ai propri utenti possibile navigazione, nonch\u00e9 informazioni complete e pertinenti. Nel caso Osservate contenuti&hellip;","_links":{"self":[{"href":"https:\/\/migliorelegna-pellet.it\/index.php\/wp-json\/wp\/v2\/pages\/2384","targetHints":{"allow":["GET"]}}],"collection":[{"href":"https:\/\/migliorelegna-pellet.it\/index.php\/wp-json\/wp\/v2\/pages"}],"about":[{"href":"https:\/\/migliorelegna-pellet.it\/index.php\/wp-json\/wp\/v2\/types\/page"}],"author":[{"embeddable":true,"href":"https:\/\/migliorelegna-pellet.it\/index.php\/wp-json\/wp\/v2\/users\/1"}],"replies":[{"embeddable":true,"href":"https:\/\/migliorelegna-pellet.it\/index.php\/wp-json\/wp\/v2\/comments?post=2384"}],"version-history":[{"count":14,"href":"https:\/\/migliorelegna-pellet.it\/index.php\/wp-json\/wp\/v2\/pages\/2384\/revisions"}],"predecessor-version":[{"id":2568,"href":"https:\/\/migliorelegna-pellet.it\/index.php\/wp-json\/wp\/v2\/pages\/2384\/revisions\/2568"}],"wp:attachment":[{"href":"https:\/\/migliorelegna-pellet.it\/index.php\/wp-json\/wp\/v2\/media?parent=2384"}],"curies":[{"name":"wp","href":"https:\/\/api.w.org\/{rel}","templated":true}]}}