{"id":2398,"date":"2023-02-03T15:36:31","date_gmt":"2023-02-03T14:36:31","guid":{"rendered":"https:\/\/migliorelegna-pellet.it?page_id=2398"},"modified":"2024-10-20T15:14:51","modified_gmt":"2024-10-20T13:14:51","slug":"entrega-y-devoluciones","status":"publish","type":"page","link":"https:\/\/migliorelegna-pellet.it\/index.php\/entrega-y-devoluciones\/","title":{"rendered":"ENTREGA Y DEVOLUCIONES"},"content":{"rendered":"\t\t<div data-elementor-type=\"wp-page\" data-elementor-id=\"2398\" class=\"elementor elementor-2398\">\n\t\t\t\t\t\t<section class=\"elementor-section elementor-top-section elementor-element elementor-element-a6f3244 elementor-section-content-top elementor-section-boxed elementor-section-height-default elementor-section-height-default\" data-id=\"a6f3244\" data-element_type=\"section\" data-e-type=\"section\" data-settings=\"{&quot;background_background&quot;:&quot;classic&quot;}\">\n\t\t\t\t\t\t\t<div class=\"elementor-background-overlay\"><\/div>\n\t\t\t\t\t\t\t<div class=\"elementor-container elementor-column-gap-no\">\n\t\t\t\t\t<div class=\"elementor-column elementor-col-100 elementor-top-column elementor-element elementor-element-36e7ccd\" data-id=\"36e7ccd\" data-element_type=\"column\" data-e-type=\"column\">\n\t\t\t<div class=\"elementor-widget-wrap elementor-element-populated\">\n\t\t\t\t\t\t<div class=\"elementor-element elementor-element-febb385 elementor-widget elementor-widget-heading\" data-id=\"febb385\" data-element_type=\"widget\" data-e-type=\"widget\" data-widget_type=\"heading.default\">\n\t\t\t\t<div class=\"elementor-widget-container\">\n\t\t\t\t\t<h2 class=\"elementor-heading-title elementor-size-default\">CONSEGNA E RESI<\/h2>\t\t\t\t<\/div>\n\t\t\t\t<\/div>\n\t\t\t\t<div class=\"elementor-element elementor-element-610fe6f elementor-widget elementor-widget-text-editor\" data-id=\"610fe6f\" data-element_type=\"widget\" data-e-type=\"widget\" data-widget_type=\"text-editor.default\">\n\t\t\t\t<div class=\"elementor-widget-container\">\n\t\t\t\t\t\t\t\t\t<h2><strong>Consegna<\/strong><\/h2><p>Consegna a domicilio del vostro ordine di pellet di legno o legna da ardere.<\/p><p>Gli ordini vengono solitamente spediti entro 5-7 giorni dalla ricezione del pagamento. Vengono inviati dal nostro corriere. Gli ordini possono essere consegnati anche con i nostri camion.<\/p><p>In ogni caso, noi (o il nostro corriere) ti chiameremo per definire con te un intervallo di consegna; di solito mezza giornata o una giornata intera.<\/p><p>Tutte le nostre consegne vengono effettuate tramite camion dotato di sponda posteriore e transpallet elettrico fuoristrada.<\/p><p>Le consegne vengono effettuate dal luned\u00ec al venerd\u00ec.<\/p><p>Costi di spedizione: tutti gli ordini beneficiano della spedizione standard gratuita.<\/p><p>Le spese di spedizione comprendono l&#8217;imballaggio, la movimentazione e la spedizione.<\/p><p>Tutti i nostri prodotti sono pallettizzati per una migliore movimentazione e una consegna sicura.<\/p><p>L&#8217;autista depositer\u00e0 i pallet sul confine di propriet\u00e0, sul marciapiede, previa accessibilit\u00e0 (superficie piana, macadam, bitume, cemento) senza salire sui cordoli.<\/p><p>Contrattualmente le consegne vengono effettuate ai piedi del camion.<\/p><h2>Reso e rimborso<\/h2><p>Il cliente, persona fisica non professionale, dispone di un periodo di 30 giorni lavorativi dalla consegna del suo ordine (fa fede la data riportata sulla bolla di consegna), per esercitare il diritto di recesso dal suo ordine e restituire qualsiasi articolo che non adatto a lui appropriato, nella sua confezione originale e in perfette condizioni, adatto alla commercializzazione. Il cliente potr\u00e0 richiedere la modifica o la restituzione dell&#8217;ordine, che avverr\u00e0 entro un termine massimo di 30 giorni lavorativi dalla data in cui \u00e8 stato esercitato il diritto di recesso, tramite assegno intestato al cliente.<\/p><h2>Costi di restituzione: gratuiti<\/h2><p>I clienti possono restituire i prodotti in negozio<\/p>\t\t\t\t\t\t\t\t<\/div>\n\t\t\t\t<\/div>\n\t\t\t\t\t<\/div>\n\t\t<\/div>\n\t\t\t\t\t<\/div>\n\t\t<\/section>\n\t\t\t\t<\/div>\n\t\t","protected":false},"excerpt":{"rendered":"<p>CONSEGNA E RESI Consegna Consegna a domicilio del vostro ordine di pellet di legno o legna da ardere. Gli ordini vengono solitamente spediti entro 5-7 giorni dalla ricezione del pagamento. Vengono inviati dal nostro corriere. Gli ordini possono essere consegnati anche con i nostri camion. In ogni caso, noi (o il nostro corriere) ti chiameremo [&hellip;]<\/p>\n","protected":false},"author":1,"featured_media":0,"parent":0,"menu_order":0,"comment_status":"closed","ping_status":"closed","template":"","meta":{"_uag_custom_page_level_css":"","site-sidebar-layout":"no-sidebar","site-content-layout":"page-builder","ast-site-content-layout":"full-width-container","site-content-style":"unboxed","site-sidebar-style":"unboxed","ast-global-header-display":"","ast-banner-title-visibility":"","ast-main-header-display":"","ast-hfb-above-header-display":"","ast-hfb-below-header-display":"","ast-hfb-mobile-header-display":"","site-post-title":"disabled","ast-breadcrumbs-content":"","ast-featured-img":"disabled","footer-sml-layout":"","ast-disable-related-posts":"","theme-transparent-header-meta":"","adv-header-id-meta":"","stick-header-meta":"","header-above-stick-meta":"","header-main-stick-meta":"","header-below-stick-meta":"","astra-migrate-meta-layouts":"set","ast-page-background-enabled":"default","ast-page-background-meta":{"desktop":{"background-color":"","background-image":"","background-repeat":"repeat","background-position":"center center","background-size":"auto","background-attachment":"scroll","background-type":"","background-media":"","overlay-type":"","overlay-color":"","overlay-opacity":"","overlay-gradient":""},"tablet":{"background-color":"","background-image":"","background-repeat":"repeat","background-position":"center center","background-size":"auto","background-attachment":"scroll","background-type":"","background-media":"","overlay-type":"","overlay-color":"","overlay-opacity":"","overlay-gradient":""},"mobile":{"background-color":"","background-image":"","background-repeat":"repeat","background-position":"center center","background-size":"auto","background-attachment":"scroll","background-type":"","background-media":"","overlay-type":"","overlay-color":"","overlay-opacity":"","overlay-gradient":""}},"ast-content-background-meta":{"desktop":{"background-color":"var(--ast-global-color-5)","background-image":"","background-repeat":"repeat","background-position":"center center","background-size":"auto","background-attachment":"scroll","background-type":"","background-media":"","overlay-type":"","overlay-color":"","overlay-opacity":"","overlay-gradient":""},"tablet":{"background-color":"var(--ast-global-color-5)","background-image":"","background-repeat":"repeat","background-position":"center center","background-size":"auto","background-attachment":"scroll","background-type":"","background-media":"","overlay-type":"","overlay-color":"","overlay-opacity":"","overlay-gradient":""},"mobile":{"background-color":"var(--ast-global-color-5)","background-image":"","background-repeat":"repeat","background-position":"center center","background-size":"auto","background-attachment":"scroll","background-type":"","background-media":"","overlay-type":"","overlay-color":"","overlay-opacity":"","overlay-gradient":""}},"footnotes":""},"class_list":["post-2398","page","type-page","status-publish","hentry"],"aioseo_notices":[],"_hostinger_reach_plugin_has_subscription_block":false,"_hostinger_reach_plugin_is_elementor":false,"uagb_featured_image_src":{"full":false,"thumbnail":false,"medium":false,"medium_large":false,"large":false,"1536x1536":false,"2048x2048":false,"mailpoet_newsletter_max":false,"woocommerce_thumbnail":false,"woocommerce_single":false,"woocommerce_gallery_thumbnail":false},"uagb_author_info":{"display_name":"Monica.sinergiaint","author_link":"https:\/\/migliorelegna-pellet.it\/index.php\/author\/emonincharlotte29\/"},"uagb_comment_info":0,"uagb_excerpt":"CONSEGNA E RESI Consegna Consegna a domicilio del vostro ordine di pellet di legno o legna da ardere. Gli ordini vengono solitamente spediti entro 5-7 giorni dalla ricezione del pagamento. Vengono inviati dal nostro corriere. Gli ordini possono essere consegnati anche con i nostri camion. In ogni caso, noi (o il nostro corriere) ti chiameremo&hellip;","_links":{"self":[{"href":"https:\/\/migliorelegna-pellet.it\/index.php\/wp-json\/wp\/v2\/pages\/2398","targetHints":{"allow":["GET"]}}],"collection":[{"href":"https:\/\/migliorelegna-pellet.it\/index.php\/wp-json\/wp\/v2\/pages"}],"about":[{"href":"https:\/\/migliorelegna-pellet.it\/index.php\/wp-json\/wp\/v2\/types\/page"}],"author":[{"embeddable":true,"href":"https:\/\/migliorelegna-pellet.it\/index.php\/wp-json\/wp\/v2\/users\/1"}],"replies":[{"embeddable":true,"href":"https:\/\/migliorelegna-pellet.it\/index.php\/wp-json\/wp\/v2\/comments?post=2398"}],"version-history":[{"count":8,"href":"https:\/\/migliorelegna-pellet.it\/index.php\/wp-json\/wp\/v2\/pages\/2398\/revisions"}],"predecessor-version":[{"id":2570,"href":"https:\/\/migliorelegna-pellet.it\/index.php\/wp-json\/wp\/v2\/pages\/2398\/revisions\/2570"}],"wp:attachment":[{"href":"https:\/\/migliorelegna-pellet.it\/index.php\/wp-json\/wp\/v2\/media?parent=2398"}],"curies":[{"name":"wp","href":"https:\/\/api.w.org\/{rel}","templated":true}]}}