{"id":2403,"date":"2023-02-03T15:39:15","date_gmt":"2023-02-03T14:39:15","guid":{"rendered":"https:\/\/migliorelegna-pellet.it?page_id=2403"},"modified":"2024-10-20T15:30:51","modified_gmt":"2024-10-20T13:30:51","slug":"politica-de-privacidad","status":"publish","type":"page","link":"https:\/\/migliorelegna-pellet.it\/index.php\/politica-de-privacidad\/","title":{"rendered":"Politica sulla riservatezza"},"content":{"rendered":"\t\t<div data-elementor-type=\"wp-page\" data-elementor-id=\"2403\" class=\"elementor elementor-2403\">\n\t\t\t\t\t\t<section class=\"elementor-section elementor-top-section elementor-element elementor-element-ne7zvh1 elementor-section-content-top elementor-section-boxed elementor-section-height-default elementor-section-height-default\" data-id=\"ne7zvh1\" data-element_type=\"section\" data-e-type=\"section\" data-settings=\"{&quot;background_background&quot;:&quot;classic&quot;}\">\n\t\t\t\t\t\t\t<div class=\"elementor-background-overlay\"><\/div>\n\t\t\t\t\t\t\t<div class=\"elementor-container elementor-column-gap-no\">\n\t\t\t\t\t<div class=\"elementor-column elementor-col-100 elementor-top-column elementor-element elementor-element-36e7ccd\" data-id=\"36e7ccd\" data-element_type=\"column\" data-e-type=\"column\">\n\t\t\t<div class=\"elementor-widget-wrap elementor-element-populated\">\n\t\t\t\t\t\t<div class=\"elementor-element elementor-element-febb385 elementor-widget elementor-widget-heading\" data-id=\"febb385\" data-element_type=\"widget\" data-e-type=\"widget\" data-widget_type=\"heading.default\">\n\t\t\t\t<div class=\"elementor-widget-container\">\n\t\t\t\t\t<h2 class=\"elementor-heading-title elementor-size-default\"><ul style=\"font-size: 15px;font-style: normal;font-weight: 400;margin-bottom: 0px;margin-left: 0px;list-style-type: none;font-family: Prata, serif;text-align: left\"><li style=\"font-size: 15px\"><a rel=\"privacy-policy\" href=\"https:\/\/migliorelegna-pellet.it\/index.php\/politica-de-privacidad\/\" aria-current=\"page\">Politica sulla riservatezza<\/a><\/li><\/ul>Politica sulla riservatezza<\/h2>\t\t\t\t<\/div>\n\t\t\t\t<\/div>\n\t\t\t\t<div class=\"elementor-element elementor-element-610fe6f elementor-widget elementor-widget-text-editor\" data-id=\"610fe6f\" data-element_type=\"widget\" data-e-type=\"widget\" data-widget_type=\"text-editor.default\">\n\t\t\t\t<div class=\"elementor-widget-container\">\n\t\t\t\t\t\t\t\t\t<header class=\"page-header\"><h1>\u00a0<\/h1><\/header><section id=\"content\" class=\"page-content page-cms page-cms-3\"><p>DEFINIZIONI:<\/p><p>Il Venditore: Migliore Legna &#038; pellet<\/p><p>Il sito web: https:\/\/migliorelegna-pellet.it<\/p><p>Utente: tu.<\/p><p>NATURA DEI DATI RACCOLTI<\/p><p>Nell&#8217;ambito dell&#8217;utilizzo dei Siti, l&#8217;Editore pu\u00f2 raccogliere le seguenti categorie di dati sui propri Utenti:<\/p><p>Stato civile, identit\u00e0, dati identificativi\u2026<\/p><p>COMUNICAZIONE DEI DATI PERSONALI A TERZI<\/p><p>Comunicazione alle autorit\u00e0 in base ad obblighi di legge<\/p><p>In base agli obblighi di legge, i tuoi dati personali potranno essere comunicati in conformit\u00e0 ad una legge, un regolamento o in forza di una decisione di un\u2019autorit\u00e0 di regolamentazione o giudiziaria competente. In generale, ci impegniamo a rispettare tutte le norme legali che possono impedire, limitare o regolare la diffusione di informazioni o dati e, in particolare, a rispettare la legge n. 78-87 del 6 gennaio 1978, legge n. \u00b0 2004- 801 del 6 agosto 2004, articolo L. 226-13 del codice penale e della direttiva europea del 24 ottobre 1995 sulla protezione dei dati.<\/p><p>Divulgazione a terzi in base alle impostazioni dell&#8217;account.<\/p><p>I tuoi dati personali sono strettamente confidenziali e non potranno essere divulgati a terzi se non con il consenso esplicito ottenuto tramite le impostazioni del tuo account.<\/p><p>VIRALIT\u00c0 DELLE CONDIZIONI DI RIUTILIZZO DEI DATI PERSONALI<\/p><p>Non vi \u00e8 alcun impegno sulla viralit\u00e0 delle condizioni e sottomissione a specifici obblighi contrattuali<\/p><p>In caso di comunicazione dei tuoi dati personali a terzi, l&#8217;Editore si riserva il diritto di stabilire contrattualmente con te le condizioni di riutilizzo dei dati.<\/p><p>INFORMATIVA PREVENTIVA PER LA COMUNICAZIONE DEI DATI PERSONALI A TERZI IN CASO DI FUSIONE \u2013 ASSORBIMENTO<\/p><p>Raccolta dell&#8217;opt-in (consenso) prima della trasmissione dei dati dopo una fusione \u2013 acquisizione<\/p><p>Nel caso in cui siamo coinvolti in una fusione, acquisizione o qualsiasi altra forma di trasferimento di beni, ci impegniamo a ottenere il tuo previo consenso per la trasmissione dei tuoi dati personali e a mantenere il livello di riservatezza dei tuoi dati personali a cui hai fornito il tuo consenso.<\/p><p>AGGREGAZIONE DEI DATI<\/p><p>Aggregazione con dati non personali<\/p><p>Possiamo pubblicare, divulgare e utilizzare informazioni aggregate (informazioni relative a tutti i nostri Utenti o gruppi o categorie specifici di Utenti che combiniamo in modo che un singolo Utente non possa pi\u00f9 essere identificato o menzionato) e informazioni non personali per analisi di settore e di mercato , profili demografici, per scopi promozionali, pubblicitari e altri scopi commerciali.<\/p><p>Aggregazione dei dati personali disponibili negli account social dell&#8217;Utente<\/p><p>Se colleghi il tuo account a un account di un altro servizio per l&#8217;invio incrociato, tale servizio potrebbe fornirci le informazioni del tuo profilo, le informazioni di accesso e qualsiasi altra informazione che hai autorizzato a divulgare. Possiamo aggregare informazioni relative a tutti gli altri nostri utenti, gruppi, account, dati personali disponibili sull&#8217;utente.<\/p><p>RACCOLTA DEI DATI IDENTIFICATIVI<\/p><p>Consulenza gratuita<\/p><p>La consultazione del Sito non richiede la preventiva registrazione o identificazione. Pu\u00f2 essere effettuato senza che voi forniate alcun dato personale che vi riguardi (cognome, nome, indirizzo, ecc.). Non registriamo alcun dato personale per la semplice consultazione del Sito.<\/p><p>RACCOLTA DATI IDENTIFICATIVI<\/p><p>Utilizzo dell&#8217;ID utente solo per accedere ai servizi<\/p><p>Utilizziamo i tuoi identificatori elettronici solo per e durante l&#8217;esecuzione del contratto.<\/p><p>RACCOLTA DATI DEL TERMINALE<\/p><p>Mancata raccolta dei dati tecnici<\/p><p>Non raccogliamo n\u00e9 archiviamo alcun dato tecnico dal tuo dispositivo (indirizzo IP, fornitore di servizi Internet)<\/p><p>CONSERVAZIONE DEI DATI TECNICI<\/p><p>Periodo di conservazione dei dati tecnici<\/p><p>I dati tecnici sono conservati per il periodo strettamente necessario al raggiungimento delle finalit\u00e0 sopra indicate.<\/p><p>PERIODO DI CONSERVAZIONE DEI DATI PERSONALI E ANONIMIZZAZIONE<\/p><p>Conservazione dei dati per tutta la durata del rapporto contrattuale<\/p><p>I dati personali oggetto del trattamento non saranno conservati oltre il tempo necessario per adempiere agli obblighi definiti al momento della conclusione del contratto o alla durata predefinita del rapporto contrattuale.<\/p><p>Conservazione dei dati anonimi oltre il rapporto contrattuale, dopo la cancellazione dell&#8217;account<\/p><p><br \/>Conserviamo i dati personali per il tempo strettamente necessario a raggiungere le finalit\u00e0 descritte nei presenti Termini. Oltre tale periodo, saranno anonimizzati e conservati per soli fini statistici e non daranno luogo ad alcuno sfruttamento di sorta.<\/p><p>ELIMINAZIONE DELL&#8217;ACCOUNT<\/p><p>Cancellazione account su richiesta<\/p><p>L&#8217;Utente ha la possibilit\u00e0 di cancellare il proprio Account in qualsiasi momento, mediante una semplice richiesta all&#8217;Editore OPPURE attraverso il menu Cancellazione Account presente nelle impostazioni dell&#8217;Account se necessario.<\/p><p>Cancellazione dell&#8217;account in caso di violazione delle CGU<\/p><p>In caso di violazione di una o pi\u00f9 disposizioni dei Termini di servizio o di qualsiasi altro documento qui incorporato per riferimento, l&#8217;editore si riserva il diritto di interrompere o limitare senza preavviso e a sua esclusiva discrezione, l&#8217;utilizzo e l&#8217;accesso al servizi, il tuo account e tutti i Siti.<\/p><p>INDICAZIONI IN CASO DI VIOLAZIONE DELLA SICUREZZA RILEVATA DALLA EDITORE<\/p><p>Informazioni sull&#8217;utente in caso di violazione della sicurezza<\/p><p>Ci impegniamo ad attuare tutte le misure tecniche e organizzative adeguate per garantire un livello di sicurezza adeguato ai rischi di accesso, divulgazione, alterazione, perdita o distruzione accidentale, non autorizzata o illegale dei dati personali che ti riguardano. Nel caso in cui venissimo a conoscenza di un accesso illegittimo ai tuoi dati personali archiviati sui nostri server o su quelli dei nostri fornitori di servizi, o di un accesso non autorizzato che comporti la realizzazione dei rischi sopra identificati, ci impegniamo a:<\/p><p>Avvisarti dell&#8217;incidente il prima possibile;<\/p><p>Indagare sulle cause dell&#8217;incidente e informarvi;<\/p><p>Adottare misure ragionevoli per mitigare gli effetti negativi e i danni che potrebbero derivare dall\u2019incidente<\/p><p>Limitazione di responsabilit\u00e0<\/p><p>In nessun caso gli impegni definiti al punto precedente relativi alla notifica in caso di violazione della sicurezza possono essere assimilati ad un eventuale riconoscimento di colpa o responsabilit\u00e0 per il verificarsi dell&#8217;incidente in questione.<\/p><p>TRASFERIMENTO DEI DATI PERSONALI ALL&#8217;ESTERO<\/p><p>Trasferimento dei dati verso paesi con un livello di protezione equivalente<\/p><p>L&#8217;Editore si impegna a rispettare la normativa applicabile relativa ai trasferimenti di dati verso l&#8217;estero e, in particolare, secondo le seguenti modalit\u00e0:<\/p><p>L&#8217;Editore trasferisce i dati personali dei suoi Utenti verso paesi riconosciuti che offrono un livello di protezione equivalente.<\/p><p>Per conoscere l&#8217;elenco di questi paesi: CNIL \u2013 Protezione dei dati nel mondo<\/p><p>MODIFICA DELLE CDU E DELLA PRIVACY POLICY<\/p><p>In caso di modifica delle presenti Condizioni, impegno a non ridurre sostanzialmente il livello di riservatezza senza previa informazione da parte degli interessati.<\/p><p>Ci impegniamo ad informarti in caso di modifica sostanziale delle presenti Condizioni e a non ridurre sostanzialmente il livello di riservatezza dei tuoi dati senza informarti e ottenere il tuo consenso.<\/p><p>LEGGE APPLICABILE E RISORSE<\/p><p>Clausola compromissoria<\/p><p>Accetti espressamente che qualsiasi controversia che possa sorgere a seguito delle presenti Condizioni, in particolare la loro interpretazione o esecuzione, sar\u00e0 soggetta a procedimenti arbitrali soggetti alle regole della piattaforma arbitrale concordata di comune accordo, alla quale aderirai senza riserve.<\/p><p>PORTABILIT\u00c0 DEI DATI<\/p><p>Portabilit\u00e0 dei dati<\/p><p>L&#8217;editore si impegna ad offrirvi la possibilit\u00e0 di ottenere, su richiesta, la restituzione di tutti i dati che vi riguardano. In questo modo, all&#8217;Utente \u00e8 garantito un migliore controllo dei propri dati e conserva la possibilit\u00e0 di riutilizzarli. Questi dati devono essere forniti in un formato aperto e facilmente riutilizzabile.<\/p><\/section>\t\t\t\t\t\t\t\t<\/div>\n\t\t\t\t<\/div>\n\t\t\t\t\t<\/div>\n\t\t<\/div>\n\t\t\t\t\t<\/div>\n\t\t<\/section>\n\t\t\t\t<\/div>\n\t\t","protected":false},"excerpt":{"rendered":"<p>Politica sulla riservatezza Politica sulla riservatezza \u00a0 DEFINIZIONI: Il Venditore: Migliore Legna &#038; pellet Il sito web: https:\/\/migliorelegna-pellet.it Utente: tu. NATURA DEI DATI RACCOLTI Nell&#8217;ambito dell&#8217;utilizzo dei Siti, l&#8217;Editore pu\u00f2 raccogliere le seguenti categorie di dati sui propri Utenti: Stato civile, identit\u00e0, dati identificativi\u2026 COMUNICAZIONE DEI DATI PERSONALI A TERZI Comunicazione alle autorit\u00e0 in base [&hellip;]<\/p>\n","protected":false},"author":1,"featured_media":0,"parent":0,"menu_order":0,"comment_status":"closed","ping_status":"closed","template":"","meta":{"_uag_custom_page_level_css":"","site-sidebar-layout":"no-sidebar","site-content-layout":"page-builder","ast-site-content-layout":"full-width-container","site-content-style":"unboxed","site-sidebar-style":"unboxed","ast-global-header-display":"","ast-banner-title-visibility":"","ast-main-header-display":"","ast-hfb-above-header-display":"","ast-hfb-below-header-display":"","ast-hfb-mobile-header-display":"","site-post-title":"disabled","ast-breadcrumbs-content":"","ast-featured-img":"disabled","footer-sml-layout":"","ast-disable-related-posts":"","theme-transparent-header-meta":"","adv-header-id-meta":"","stick-header-meta":"","header-above-stick-meta":"","header-main-stick-meta":"","header-below-stick-meta":"","astra-migrate-meta-layouts":"set","ast-page-background-enabled":"default","ast-page-background-meta":{"desktop":{"background-color":"","background-image":"","background-repeat":"repeat","background-position":"center center","background-size":"auto","background-attachment":"scroll","background-type":"","background-media":"","overlay-type":"","overlay-color":"","overlay-opacity":"","overlay-gradient":""},"tablet":{"background-color":"","background-image":"","background-repeat":"repeat","background-position":"center center","background-size":"auto","background-attachment":"scroll","background-type":"","background-media":"","overlay-type":"","overlay-color":"","overlay-opacity":"","overlay-gradient":""},"mobile":{"background-color":"","background-image":"","background-repeat":"repeat","background-position":"center center","background-size":"auto","background-attachment":"scroll","background-type":"","background-media":"","overlay-type":"","overlay-color":"","overlay-opacity":"","overlay-gradient":""}},"ast-content-background-meta":{"desktop":{"background-color":"var(--ast-global-color-5)","background-image":"","background-repeat":"repeat","background-position":"center center","background-size":"auto","background-attachment":"scroll","background-type":"","background-media":"","overlay-type":"","overlay-color":"","overlay-opacity":"","overlay-gradient":""},"tablet":{"background-color":"var(--ast-global-color-5)","background-image":"","background-repeat":"repeat","background-position":"center center","background-size":"auto","background-attachment":"scroll","background-type":"","background-media":"","overlay-type":"","overlay-color":"","overlay-opacity":"","overlay-gradient":""},"mobile":{"background-color":"var(--ast-global-color-5)","background-image":"","background-repeat":"repeat","background-position":"center center","background-size":"auto","background-attachment":"scroll","background-type":"","background-media":"","overlay-type":"","overlay-color":"","overlay-opacity":"","overlay-gradient":""}},"footnotes":""},"class_list":["post-2403","page","type-page","status-publish","hentry"],"aioseo_notices":[],"_hostinger_reach_plugin_has_subscription_block":false,"_hostinger_reach_plugin_is_elementor":false,"uagb_featured_image_src":{"full":false,"thumbnail":false,"medium":false,"medium_large":false,"large":false,"1536x1536":false,"2048x2048":false,"mailpoet_newsletter_max":false,"woocommerce_thumbnail":false,"woocommerce_single":false,"woocommerce_gallery_thumbnail":false},"uagb_author_info":{"display_name":"Monica.sinergiaint","author_link":"https:\/\/migliorelegna-pellet.it\/index.php\/author\/emonincharlotte29\/"},"uagb_comment_info":0,"uagb_excerpt":"Politica sulla riservatezza Politica sulla riservatezza \u00a0 DEFINIZIONI: Il Venditore: Migliore Legna &#038; pellet Il sito web: https:\/\/migliorelegna-pellet.it Utente: tu. NATURA DEI DATI RACCOLTI Nell&#8217;ambito dell&#8217;utilizzo dei Siti, l&#8217;Editore pu\u00f2 raccogliere le seguenti categorie di dati sui propri Utenti: Stato civile, identit\u00e0, dati identificativi\u2026 COMUNICAZIONE DEI DATI PERSONALI A TERZI Comunicazione alle autorit\u00e0 in base&hellip;","_links":{"self":[{"href":"https:\/\/migliorelegna-pellet.it\/index.php\/wp-json\/wp\/v2\/pages\/2403","targetHints":{"allow":["GET"]}}],"collection":[{"href":"https:\/\/migliorelegna-pellet.it\/index.php\/wp-json\/wp\/v2\/pages"}],"about":[{"href":"https:\/\/migliorelegna-pellet.it\/index.php\/wp-json\/wp\/v2\/types\/page"}],"author":[{"embeddable":true,"href":"https:\/\/migliorelegna-pellet.it\/index.php\/wp-json\/wp\/v2\/users\/1"}],"replies":[{"embeddable":true,"href":"https:\/\/migliorelegna-pellet.it\/index.php\/wp-json\/wp\/v2\/comments?post=2403"}],"version-history":[{"count":15,"href":"https:\/\/migliorelegna-pellet.it\/index.php\/wp-json\/wp\/v2\/pages\/2403\/revisions"}],"predecessor-version":[{"id":2577,"href":"https:\/\/migliorelegna-pellet.it\/index.php\/wp-json\/wp\/v2\/pages\/2403\/revisions\/2577"}],"wp:attachment":[{"href":"https:\/\/migliorelegna-pellet.it\/index.php\/wp-json\/wp\/v2\/media?parent=2403"}],"curies":[{"name":"wp","href":"https:\/\/api.w.org\/{rel}","templated":true}]}}